{"id":136,"date":"2023-12-20T15:29:03","date_gmt":"2023-12-20T15:29:03","guid":{"rendered":"https:\/\/haz-tayeb.com\/fr\/?page_id=136"},"modified":"2023-12-20T15:29:04","modified_gmt":"2023-12-20T15:29:04","slug":"casinos-alternatifs","status":"publish","type":"page","link":"https:\/\/haz-tayeb.com\/fr\/casinos-alternatifs\/","title":{"rendered":"casinos alternatifs"},"content":{"rendered":"<h2 style=\"text-align: center;\"><span style=\"color: #339966;\">Le casino que vous recherchez ne fonctionne temporairement pas sur notre site<\/span><\/h2>\n<p>\u00a0<\/p>\n<h2 style=\"text-align: center;\">Ce sont nos meilleurs casinos de confiance avec les meilleurs bonus. Profitez de votre bonus, jouez et gagnez de l&rsquo;argent maintenant !<\/h2>\n\n\n<p><\/p>\n\n\n\n    <div class=\"review-grid-wrapper \"\n         data-id=\"WWItilfcfSnDmdS7\"\n         data-casinos=\"25,31,22\"\n         data-limit=\"0\"\n         data-sort=\"desc\"\n         data-sorted=\"default\">\n\n        <ul class=\"review-grid list-none grid gap-4 review-grid-cols-3\t\t\t\"\n            data-listing-id=\"WWItilfcfSnDmdS7\">\n\n\t\t\t\n<li class=\"grid-item flex flex-col sp-mb-4 bg-body spinoko_shadow spinoko_rounded spinoko_transition\"\n\tdata-id=\"25\"\n\tdata-loaded=\"true\"\n\tdata-default=\"1\"\n\t\t\tdata-alpha=\"1xbet Casino \"\n\t\t\tdata-year=\"2026\"\n\t\t\tdata-rating=\"9\"\n\t\t\tdata-bonus_amount=\"0\"\n\t\t\tdata-bonus_percentage=\"0\">\n\n\t\n\n<div class=\"sp-p-4 bg-light text-center spinoko_rounded_top\">\n\n\t<a href=\"https:\/\/haz-tayeb.com\/fr\/go\/1xbet-casino\/\" class=\"\"\n\t\t\t\t\tdata-str=\"\" data-casino=\"25\"  target=\"_blank\" rel=\"nofollow noopener noreferrer\"><img\n\t\t\tsrc=\"https:\/\/haz-tayeb.com\/fr\/wp-content\/themes\/spinoko\/assets\/images\/pixel.png\"\n\t\t\tdata-src=\"https:\/\/haz-tayeb.com\/fr\/wp-content\/uploads\/2023\/11\/1x_Bet.webp\"\n\t\t\talt=\"1xbet Casino\"\n\t\t\tclass=\"lazy block sp-mx-auto h-24\" width=\"96\" height=\"96\"\/>\n\t\t<a href=\"https:\/\/haz-tayeb.com\/fr\/reviews\/1xbet-casino-t\/\"\n\t\tclass=\"flex-center sp-mt-4 text-dark uppercase font-bold\">\n\n\t\t<svg class=\"inline icon icon-3 sp-mr-1 sp-mt-0.5\" xmlns=\"http:\/\/www.w3.org\/2000\/svg\" viewBox=\"0 0 20 20\"><path d=\"M2.93 17.07A10 10 0 1 1 17.07 2.93 10 10 0 0 1 2.93 17.07zm12.73-1.41A8 8 0 1 0 4.34 4.34a8 8 0 0 0 11.32 11.32zM9 11V9h2v6H9v-4zm0-6h2v2H9V5z\"\/><\/svg>\t\t<span data-str=\"review_link_anchor\">\n\t\t\tLire la critique\t\t<\/span>\n\t<\/a>\n\t<\/div>\n\n\t<div class=\"text-dark text-center sp-mb-4 flex-grow flex flex-col items-center\">\n\n\t\t\n<span class=\"block sp-pt-2 text-neutral font-bold uppercase\"\n\tdata-str=\"bonus_heading\">\n\tBonus d&#039;inscription<\/span>\n\n<span class=\"block text-2xl font-bold sp-px-2\">\n\tR\u00e9clamez un \u00e9norme bonus de 100 % jusqu&rsquo;\u00e0 1 600 $<\/span>\n\n        <span class=\" text-xs text-left\"\n              data-terms=\"true\">\n\n\t\t\t                <span>\n\t\t\t\t\t<button class=\"block sp-mx-auto\"\n                            aria-expanded=\"false\" data-str=\"terms_text\">\n\t\t\t\t\t\t*T&amp;C Apply\t\t\t\t\t<\/button>\n\t\t\t\t<\/span>\n\n\t\t\t\t\n\t\t<\/span>\n\t\t\t<\/div>\n\n\t\n<div class=\"text-star sp-mb-4\">\n\n\t<span class=\"rating-stars flex items-center justify-center\" data-rating=\"4.5\"><svg class=\"icon icon-fill-base icon-6\" viewBox=\"0 0 20 21\" title=\"full star\">\n\t<path d=\"M10,15.273 L16.18,19 L14.545,11.971 L20,7.244 L12.809,6.627 L10,0 L7.191,6.627 L0,7.244 L5.455,11.971 L3.82,19 L10,15.273 Z\" \/>\n<\/svg>\n<svg class=\"icon icon-fill-base icon-6\" viewBox=\"0 0 20 21\" title=\"full star\">\n\t<path d=\"M10,15.273 L16.18,19 L14.545,11.971 L20,7.244 L12.809,6.627 L10,0 L7.191,6.627 L0,7.244 L5.455,11.971 L3.82,19 L10,15.273 Z\" \/>\n<\/svg>\n<svg class=\"icon icon-fill-base icon-6\" viewBox=\"0 0 20 21\" title=\"full star\">\n\t<path d=\"M10,15.273 L16.18,19 L14.545,11.971 L20,7.244 L12.809,6.627 L10,0 L7.191,6.627 L0,7.244 L5.455,11.971 L3.82,19 L10,15.273 Z\" \/>\n<\/svg>\n<svg class=\"icon icon-fill-base icon-6\" viewBox=\"0 0 20 21\" title=\"full star\">\n\t<path d=\"M10,15.273 L16.18,19 L14.545,11.971 L20,7.244 L12.809,6.627 L10,0 L7.191,6.627 L0,7.244 L5.455,11.971 L3.82,19 L10,15.273 Z\" \/>\n<\/svg>\n<svg class=\"icon icon-fill-base icon-6\" viewBox=\"0 0 20 21\" title=\"half empty star\">\n\t<path d=\"M20,6.744 L12.809,6.127 L10,-0.5 L7.191,6.127 L0,6.744 L5.455,11.471 L3.82,18.5 L10,14.772 L16.18,18.499 L14.545,11.47 L20,6.744 L20,6.744 Z M10,12.896 L10,3.595 L11.71,7.631 L16.09,8.007 L12.768,10.885 L13.764,15.166 L10,12.896 L10,12.896 Z\" \/>\n<\/svg>\n<span class=\"sp-ml-2 text-neutral font-bold\">9\/ 10<\/span><\/span><\/div>\n<a href=\"https:\/\/haz-tayeb.com\/fr\/go\/1xbet-casino\/\" class=\"button-casino spinoko_rounded spinoko_rounded_top_none\"\n\t\t\t\t\tdata-str=\"affiliate_link_anchor\" data-casino=\"25\"  target=\"_blank\" rel=\"nofollow noopener noreferrer\">Jouer<\/a>\n<\/li>\n\n<li class=\"grid-item flex flex-col sp-mb-4 bg-body spinoko_shadow spinoko_rounded spinoko_transition\"\n\tdata-id=\"31\"\n\tdata-loaded=\"true\"\n\tdata-default=\"2\"\n\t\t\tdata-alpha=\"Melbet Casino\"\n\t\t\tdata-year=\"2026\"\n\t\t\tdata-rating=\"8\"\n\t\t\tdata-bonus_amount=\"0\"\n\t\t\tdata-bonus_percentage=\"0\">\n\n\t\n\n<div class=\"sp-p-4 bg-light text-center spinoko_rounded_top\">\n\n\t<a href=\"https:\/\/haz-tayeb.com\/fr\/go\/melbet-casino\/\" class=\"\"\n\t\t\t\t\tdata-str=\"\" data-casino=\"31\"  target=\"_blank\" rel=\"nofollow noopener noreferrer\"><img\n\t\t\tsrc=\"https:\/\/haz-tayeb.com\/fr\/wp-content\/themes\/spinoko\/assets\/images\/pixel.png\"\n\t\t\tdata-src=\"https:\/\/haz-tayeb.com\/fr\/wp-content\/uploads\/2023\/11\/Casino_Melbet.webp\"\n\t\t\talt=\"Melbet Casino\"\n\t\t\tclass=\"lazy block sp-mx-auto h-24\" width=\"96\" height=\"96\"\/>\n\t\t<a href=\"https:\/\/haz-tayeb.com\/fr\/reviews\/melbet-casino-t\/\"\n\t\tclass=\"flex-center sp-mt-4 text-dark uppercase font-bold\">\n\n\t\t<svg class=\"inline icon icon-3 sp-mr-1 sp-mt-0.5\" xmlns=\"http:\/\/www.w3.org\/2000\/svg\" viewBox=\"0 0 20 20\"><path d=\"M2.93 17.07A10 10 0 1 1 17.07 2.93 10 10 0 0 1 2.93 17.07zm12.73-1.41A8 8 0 1 0 4.34 4.34a8 8 0 0 0 11.32 11.32zM9 11V9h2v6H9v-4zm0-6h2v2H9V5z\"\/><\/svg>\t\t<span data-str=\"review_link_anchor\">\n\t\t\tLire la critique\t\t<\/span>\n\t<\/a>\n\t<\/div>\n\n\t<div class=\"text-dark text-center sp-mb-4 flex-grow flex flex-col items-center\">\n\n\t\t\n<span class=\"block sp-pt-2 text-neutral font-bold uppercase\"\n\tdata-str=\"bonus_heading\">\n\tBonus d&#039;inscription<\/span>\n\n<span class=\"block text-2xl font-bold sp-px-2\">\n\t100% Bonus sur le premier d\u00e9p\u00f4t jusqu&rsquo;\u00e0 90 euros<\/span>\n\n        <span class=\" text-xs text-left\"\n              data-terms=\"true\">\n\n\t\t\t                <span>\n\t\t\t\t\t<button class=\"block sp-mx-auto\"\n                            aria-expanded=\"false\" data-str=\"terms_text\">\n\t\t\t\t\t\t*T&amp;C Apply\t\t\t\t\t<\/button>\n\t\t\t\t<\/span>\n\n\t\t\t\t\n\t\t<\/span>\n\t\t\t<\/div>\n\n\t\n<div class=\"text-star sp-mb-4\">\n\n\t<span class=\"rating-stars flex items-center justify-center\" data-rating=\"4\"><svg class=\"icon icon-fill-base icon-6\" viewBox=\"0 0 20 21\" title=\"full star\">\n\t<path d=\"M10,15.273 L16.18,19 L14.545,11.971 L20,7.244 L12.809,6.627 L10,0 L7.191,6.627 L0,7.244 L5.455,11.971 L3.82,19 L10,15.273 Z\" \/>\n<\/svg>\n<svg class=\"icon icon-fill-base icon-6\" viewBox=\"0 0 20 21\" title=\"full star\">\n\t<path d=\"M10,15.273 L16.18,19 L14.545,11.971 L20,7.244 L12.809,6.627 L10,0 L7.191,6.627 L0,7.244 L5.455,11.971 L3.82,19 L10,15.273 Z\" \/>\n<\/svg>\n<svg class=\"icon icon-fill-base icon-6\" viewBox=\"0 0 20 21\" title=\"full star\">\n\t<path d=\"M10,15.273 L16.18,19 L14.545,11.971 L20,7.244 L12.809,6.627 L10,0 L7.191,6.627 L0,7.244 L5.455,11.971 L3.82,19 L10,15.273 Z\" \/>\n<\/svg>\n<svg class=\"icon icon-fill-base icon-6\" viewBox=\"0 0 20 21\" title=\"full star\">\n\t<path d=\"M10,15.273 L16.18,19 L14.545,11.971 L20,7.244 L12.809,6.627 L10,0 L7.191,6.627 L0,7.244 L5.455,11.971 L3.82,19 L10,15.273 Z\" \/>\n<\/svg>\n<svg class=\"icon icon-fill-base icon-6\" viewBox=\"0 0 20 21\" title=\"empty star\">\n\t<path d=\"M20,7.244 L12.809,6.627 L10,0 L7.191,6.627 L0,7.244 L5.455,11.971 L3.82,19 L10,15.272 L16.18,19 L14.545,11.971 L20,7.244 L20,7.244 Z M10,13.396 L6.237,15.666 L7.233,11.385 L3.91,8.507 L8.29,8.131 L10,4.095 L11.71,8.131 L16.09,8.507 L12.768,11.385 L13.764,15.666 L10,13.396 L10,13.396 Z\" \/>\n<\/svg>\n<span class=\"sp-ml-2 text-neutral font-bold\">8\/ 10<\/span><\/span><\/div>\n<a href=\"https:\/\/haz-tayeb.com\/fr\/go\/melbet-casino\/\" class=\"button-casino spinoko_rounded spinoko_rounded_top_none\"\n\t\t\t\t\tdata-str=\"affiliate_link_anchor\" data-casino=\"31\"  target=\"_blank\" rel=\"nofollow noopener noreferrer\">Jouer<\/a>\n<\/li>\n\n<li class=\"grid-item flex flex-col sp-mb-4 bg-body spinoko_shadow spinoko_rounded spinoko_transition\"\n\tdata-id=\"22\"\n\tdata-loaded=\"true\"\n\tdata-default=\"3\"\n\t\t\tdata-alpha=\"Betobet Casino\"\n\t\t\tdata-year=\"2026\"\n\t\t\tdata-rating=\"9\"\n\t\t\tdata-bonus_amount=\"0\"\n\t\t\tdata-bonus_percentage=\"0\">\n\n\t\n\n<div class=\"sp-p-4 bg-light text-center spinoko_rounded_top\">\n\n\t<a href=\"https:\/\/haz-tayeb.com\/fr\/go\/betobet-casino\/\" class=\"\"\n\t\t\t\t\tdata-str=\"\" data-casino=\"22\"  target=\"_blank\" rel=\"nofollow noopener noreferrer\"><img\n\t\t\tsrc=\"https:\/\/haz-tayeb.com\/fr\/wp-content\/themes\/spinoko\/assets\/images\/pixel.png\"\n\t\t\tdata-src=\"https:\/\/haz-tayeb.com\/fr\/wp-content\/uploads\/2023\/11\/Betobet_Casino.webp\"\n\t\t\talt=\"Betobet Casino\"\n\t\t\tclass=\"lazy block sp-mx-auto h-24\" width=\"96\" height=\"96\"\/>\n\t\t<a href=\"https:\/\/haz-tayeb.com\/fr\/reviews\/betobet-casino-t\/\"\n\t\tclass=\"flex-center sp-mt-4 text-dark uppercase font-bold\">\n\n\t\t<svg class=\"inline icon icon-3 sp-mr-1 sp-mt-0.5\" xmlns=\"http:\/\/www.w3.org\/2000\/svg\" viewBox=\"0 0 20 20\"><path d=\"M2.93 17.07A10 10 0 1 1 17.07 2.93 10 10 0 0 1 2.93 17.07zm12.73-1.41A8 8 0 1 0 4.34 4.34a8 8 0 0 0 11.32 11.32zM9 11V9h2v6H9v-4zm0-6h2v2H9V5z\"\/><\/svg>\t\t<span data-str=\"review_link_anchor\">\n\t\t\tLire la critique\t\t<\/span>\n\t<\/a>\n\t<\/div>\n\n\t<div class=\"text-dark text-center sp-mb-4 flex-grow flex flex-col items-center\">\n\n\t\t\n<span class=\"block sp-pt-2 text-neutral font-bold uppercase\"\n\tdata-str=\"bonus_heading\">\n\tBonus d&#039;inscription<\/span>\n\n<span class=\"block text-2xl font-bold sp-px-2\">\n\t100 % jusqu&rsquo;\u00e0 500 $ sur votre premier d\u00e9p\u00f4t<\/span>\n\n        <span class=\" text-xs text-left\"\n              data-terms=\"true\">\n\n\t\t\t                <span>\n\t\t\t\t\t<button class=\"block sp-mx-auto\"\n                            aria-expanded=\"false\" data-str=\"terms_text\">\n\t\t\t\t\t\t*T&amp;C Apply\t\t\t\t\t<\/button>\n\t\t\t\t<\/span>\n\n\t\t\t\t\n\t\t<\/span>\n\t\t\t<\/div>\n\n\t\n<div class=\"text-star sp-mb-4\">\n\n\t<span class=\"rating-stars flex items-center justify-center\" data-rating=\"4.5\"><svg class=\"icon icon-fill-base icon-6\" viewBox=\"0 0 20 21\" title=\"full star\">\n\t<path d=\"M10,15.273 L16.18,19 L14.545,11.971 L20,7.244 L12.809,6.627 L10,0 L7.191,6.627 L0,7.244 L5.455,11.971 L3.82,19 L10,15.273 Z\" \/>\n<\/svg>\n<svg class=\"icon icon-fill-base icon-6\" viewBox=\"0 0 20 21\" title=\"full star\">\n\t<path d=\"M10,15.273 L16.18,19 L14.545,11.971 L20,7.244 L12.809,6.627 L10,0 L7.191,6.627 L0,7.244 L5.455,11.971 L3.82,19 L10,15.273 Z\" \/>\n<\/svg>\n<svg class=\"icon icon-fill-base icon-6\" viewBox=\"0 0 20 21\" title=\"full star\">\n\t<path d=\"M10,15.273 L16.18,19 L14.545,11.971 L20,7.244 L12.809,6.627 L10,0 L7.191,6.627 L0,7.244 L5.455,11.971 L3.82,19 L10,15.273 Z\" \/>\n<\/svg>\n<svg class=\"icon icon-fill-base icon-6\" viewBox=\"0 0 20 21\" title=\"full star\">\n\t<path d=\"M10,15.273 L16.18,19 L14.545,11.971 L20,7.244 L12.809,6.627 L10,0 L7.191,6.627 L0,7.244 L5.455,11.971 L3.82,19 L10,15.273 Z\" \/>\n<\/svg>\n<svg class=\"icon icon-fill-base icon-6\" viewBox=\"0 0 20 21\" title=\"half empty star\">\n\t<path d=\"M20,6.744 L12.809,6.127 L10,-0.5 L7.191,6.127 L0,6.744 L5.455,11.471 L3.82,18.5 L10,14.772 L16.18,18.499 L14.545,11.47 L20,6.744 L20,6.744 Z M10,12.896 L10,3.595 L11.71,7.631 L16.09,8.007 L12.768,10.885 L13.764,15.166 L10,12.896 L10,12.896 Z\" \/>\n<\/svg>\n<span class=\"sp-ml-2 text-neutral font-bold\">9\/ 10<\/span><\/span><\/div>\n<a href=\"https:\/\/haz-tayeb.com\/fr\/go\/betobet-casino\/\" class=\"button-casino spinoko_rounded spinoko_rounded_top_none\"\n\t\t\t\t\tdata-str=\"affiliate_link_anchor\" data-casino=\"22\"  target=\"_blank\" rel=\"nofollow noopener noreferrer\">Jouer<\/a>\n<\/li>\n\n            <li class=\"items-unavailable sp-mb-8 hidden\">\n                <h5 class=\"sp-px-4 sp-py-2 border border-neutral spinoko_rounded spinoko_shadow text-lg font-normal\"\n                    data-str=\"table_filters_nothing_found_text\">\n\t\t\t\t\tIl n&#039;y a aucun r\u00e9sultat bas\u00e9 sur vos crit\u00e8res.                <\/h5>\n            <\/li>\n\n        <\/ul>\n    <\/div>\n\n\t","protected":false},"excerpt":{"rendered":"<p>Le casino que vous recherchez ne fonctionne temporairement pas sur notre site \u00a0 Ce sont nos meilleurs casinos de confiance avec les meilleurs bonus. Profitez de votre bonus, jouez et gagnez de l&rsquo;argent maintenant !<\/p>\n","protected":false},"author":21,"featured_media":0,"parent":0,"menu_order":0,"comment_status":"closed","ping_status":"closed","template":"","meta":{"_acf_changed":false,"footnotes":""},"class_list":["post-136","page","type-page","status-publish","hentry"],"yoast_head":"<!-- This site is optimized with the Yoast SEO Premium plugin v25.4 (Yoast SEO v26.8) - https:\/\/yoast.com\/product\/yoast-seo-premium-wordpress\/ -->\n<title>casinos alternatifs - Haz-tayeb FR<\/title>\n<meta name=\"robots\" content=\"index, follow, max-snippet:-1, max-image-preview:large, max-video-preview:-1\" \/>\n<link rel=\"canonical\" href=\"https:\/\/haz-tayeb.com\/fr\/casinos-alternatifs\/\" \/>\n<meta property=\"og:locale\" content=\"fr_FR\" \/>\n<meta property=\"og:type\" content=\"article\" \/>\n<meta property=\"og:title\" content=\"casinos alternatifs\" \/>\n<meta property=\"og:description\" content=\"Le casino que vous recherchez ne fonctionne temporairement pas sur notre site \u00a0 Ce sont nos meilleurs casinos de confiance avec les meilleurs bonus. Profitez de votre bonus, jouez et gagnez de l&rsquo;argent maintenant !\" \/>\n<meta property=\"og:url\" content=\"https:\/\/haz-tayeb.com\/fr\/casinos-alternatifs\/\" \/>\n<meta property=\"og:site_name\" content=\"Haz-tayeb FR\" \/>\n<meta property=\"article:modified_time\" content=\"2023-12-20T15:29:04+00:00\" \/>\n<meta name=\"twitter:card\" content=\"summary_large_image\" \/>\n<meta name=\"twitter:label1\" content=\"Dur\u00e9e de lecture estim\u00e9e\" \/>\n\t<meta name=\"twitter:data1\" content=\"1 minute\" \/>\n<script type=\"application\/ld+json\" class=\"yoast-schema-graph\">{\"@context\":\"https:\/\/schema.org\",\"@graph\":[{\"@type\":\"WebPage\",\"@id\":\"https:\/\/haz-tayeb.com\/fr\/casinos-alternatifs\/\",\"url\":\"https:\/\/haz-tayeb.com\/fr\/casinos-alternatifs\/\",\"name\":\"casinos alternatifs - Haz-tayeb FR\",\"isPartOf\":{\"@id\":\"https:\/\/haz-tayeb.com\/fr\/#website\"},\"datePublished\":\"2023-12-20T15:29:03+00:00\",\"dateModified\":\"2023-12-20T15:29:04+00:00\",\"breadcrumb\":{\"@id\":\"https:\/\/haz-tayeb.com\/fr\/casinos-alternatifs\/#breadcrumb\"},\"inLanguage\":\"fr-FR\",\"potentialAction\":[{\"@type\":\"ReadAction\",\"target\":[\"https:\/\/haz-tayeb.com\/fr\/casinos-alternatifs\/\"]}]},{\"@type\":\"BreadcrumbList\",\"@id\":\"https:\/\/haz-tayeb.com\/fr\/casinos-alternatifs\/#breadcrumb\",\"itemListElement\":[{\"@type\":\"ListItem\",\"position\":1,\"name\":\"Casinos en Ligne\",\"item\":\"https:\/\/haz-tayeb.com\/fr\/\"},{\"@type\":\"ListItem\",\"position\":2,\"name\":\"casinos alternatifs\"}]},{\"@type\":\"WebSite\",\"@id\":\"https:\/\/haz-tayeb.com\/fr\/#website\",\"url\":\"https:\/\/haz-tayeb.com\/fr\/\",\"name\":\"Haz-tayeb FR\",\"description\":\"Les meilleurs sites de casino pour jouer en ligne pour les utilisateurs arabes\",\"potentialAction\":[{\"@type\":\"SearchAction\",\"target\":{\"@type\":\"EntryPoint\",\"urlTemplate\":\"https:\/\/haz-tayeb.com\/fr\/?s={search_term_string}\"},\"query-input\":{\"@type\":\"PropertyValueSpecification\",\"valueRequired\":true,\"valueName\":\"search_term_string\"}}],\"inLanguage\":\"fr-FR\"}]}<\/script>\n<!-- \/ Yoast SEO Premium plugin. -->","yoast_head_json":{"title":"casinos alternatifs - Haz-tayeb FR","robots":{"index":"index","follow":"follow","max-snippet":"max-snippet:-1","max-image-preview":"max-image-preview:large","max-video-preview":"max-video-preview:-1"},"canonical":"https:\/\/haz-tayeb.com\/fr\/casinos-alternatifs\/","og_locale":"fr_FR","og_type":"article","og_title":"casinos alternatifs","og_description":"Le casino que vous recherchez ne fonctionne temporairement pas sur notre site \u00a0 Ce sont nos meilleurs casinos de confiance avec les meilleurs bonus. Profitez de votre bonus, jouez et gagnez de l&rsquo;argent maintenant !","og_url":"https:\/\/haz-tayeb.com\/fr\/casinos-alternatifs\/","og_site_name":"Haz-tayeb FR","article_modified_time":"2023-12-20T15:29:04+00:00","twitter_card":"summary_large_image","twitter_misc":{"Dur\u00e9e de lecture estim\u00e9e":"1 minute"},"schema":{"@context":"https:\/\/schema.org","@graph":[{"@type":"WebPage","@id":"https:\/\/haz-tayeb.com\/fr\/casinos-alternatifs\/","url":"https:\/\/haz-tayeb.com\/fr\/casinos-alternatifs\/","name":"casinos alternatifs - Haz-tayeb FR","isPartOf":{"@id":"https:\/\/haz-tayeb.com\/fr\/#website"},"datePublished":"2023-12-20T15:29:03+00:00","dateModified":"2023-12-20T15:29:04+00:00","breadcrumb":{"@id":"https:\/\/haz-tayeb.com\/fr\/casinos-alternatifs\/#breadcrumb"},"inLanguage":"fr-FR","potentialAction":[{"@type":"ReadAction","target":["https:\/\/haz-tayeb.com\/fr\/casinos-alternatifs\/"]}]},{"@type":"BreadcrumbList","@id":"https:\/\/haz-tayeb.com\/fr\/casinos-alternatifs\/#breadcrumb","itemListElement":[{"@type":"ListItem","position":1,"name":"Casinos en Ligne","item":"https:\/\/haz-tayeb.com\/fr\/"},{"@type":"ListItem","position":2,"name":"casinos alternatifs"}]},{"@type":"WebSite","@id":"https:\/\/haz-tayeb.com\/fr\/#website","url":"https:\/\/haz-tayeb.com\/fr\/","name":"Haz-tayeb FR","description":"Les meilleurs sites de casino pour jouer en ligne pour les utilisateurs arabes","potentialAction":[{"@type":"SearchAction","target":{"@type":"EntryPoint","urlTemplate":"https:\/\/haz-tayeb.com\/fr\/?s={search_term_string}"},"query-input":{"@type":"PropertyValueSpecification","valueRequired":true,"valueName":"search_term_string"}}],"inLanguage":"fr-FR"}]}},"acf":[],"_links":{"self":[{"href":"https:\/\/haz-tayeb.com\/fr\/wp-json\/wp\/v2\/pages\/136","targetHints":{"allow":["GET"]}}],"collection":[{"href":"https:\/\/haz-tayeb.com\/fr\/wp-json\/wp\/v2\/pages"}],"about":[{"href":"https:\/\/haz-tayeb.com\/fr\/wp-json\/wp\/v2\/types\/page"}],"author":[{"embeddable":true,"href":"https:\/\/haz-tayeb.com\/fr\/wp-json\/wp\/v2\/users\/21"}],"replies":[{"embeddable":true,"href":"https:\/\/haz-tayeb.com\/fr\/wp-json\/wp\/v2\/comments?post=136"}],"version-history":[{"count":2,"href":"https:\/\/haz-tayeb.com\/fr\/wp-json\/wp\/v2\/pages\/136\/revisions"}],"predecessor-version":[{"id":138,"href":"https:\/\/haz-tayeb.com\/fr\/wp-json\/wp\/v2\/pages\/136\/revisions\/138"}],"wp:attachment":[{"href":"https:\/\/haz-tayeb.com\/fr\/wp-json\/wp\/v2\/media?parent=136"}],"curies":[{"name":"wp","href":"https:\/\/api.w.org\/{rel}","templated":true}]}}